{"id":104,"date":"2019-10-25T06:08:07","date_gmt":"2019-10-25T06:08:07","guid":{"rendered":"http:\/\/dif.jala.gob.mx\/?page_id=104"},"modified":"2022-02-09T18:21:43","modified_gmt":"2022-02-09T18:21:43","slug":"mision","status":"publish","type":"page","link":"https:\/\/jalapueblomagico.gob.mx\/dif\/mision\/","title":{"rendered":"Misi\u00f3n"},"content":{"rendered":"\n<h1 class=\"has-text-align-center wp-block-heading\">Misi\u00f3n<\/h1>\n\n\n\n<p class=\"has-text-align-center has-text-color\" style=\"color:#9c9c9c\"> Somos una instituci\u00f3n que trabaja por la integridad de las familias del municipio de jala, velando, protegiendo y apoyando a trav\u00e9s de programas sociales y de salud que ayudan a generar oportunidades para las familias en situaci\u00f3n de vulnerabilidad. \u00a0<\/p>\n","protected":false},"excerpt":{"rendered":"<p>Misi\u00f3n Somos una instituci\u00f3n que trabaja por la integridad de las familias del municipio de jala, velando, protegiendo y apoyando a trav\u00e9s de programas sociales y de salud que ayudan a generar oportunidades para las familias en situaci\u00f3n de vulnerabilidad. \u00a0<\/p>\n","protected":false},"author":1,"featured_media":0,"parent":0,"menu_order":0,"comment_status":"closed","ping_status":"closed","template":"","meta":{"footnotes":""},"class_list":["post-104","page","type-page","status-publish","hentry"],"_links":{"self":[{"href":"https:\/\/jalapueblomagico.gob.mx\/dif\/wp-json\/wp\/v2\/pages\/104","targetHints":{"allow":["GET"]}}],"collection":[{"href":"https:\/\/jalapueblomagico.gob.mx\/dif\/wp-json\/wp\/v2\/pages"}],"about":[{"href":"https:\/\/jalapueblomagico.gob.mx\/dif\/wp-json\/wp\/v2\/types\/page"}],"author":[{"embeddable":true,"href":"https:\/\/jalapueblomagico.gob.mx\/dif\/wp-json\/wp\/v2\/users\/1"}],"replies":[{"embeddable":true,"href":"https:\/\/jalapueblomagico.gob.mx\/dif\/wp-json\/wp\/v2\/comments?post=104"}],"version-history":[{"count":0,"href":"https:\/\/jalapueblomagico.gob.mx\/dif\/wp-json\/wp\/v2\/pages\/104\/revisions"}],"wp:attachment":[{"href":"https:\/\/jalapueblomagico.gob.mx\/dif\/wp-json\/wp\/v2\/media?parent=104"}],"curies":[{"name":"wp","href":"https:\/\/api.w.org\/{rel}","templated":true}]}}