{"id":114,"date":"2019-10-25T06:47:11","date_gmt":"2019-10-25T06:47:11","guid":{"rendered":"http:\/\/dif.jala.gob.mx\/?page_id=114"},"modified":"2022-02-09T18:29:13","modified_gmt":"2022-02-09T18:29:13","slug":"vision","status":"publish","type":"page","link":"https:\/\/jalapueblomagico.gob.mx\/dif\/vision\/","title":{"rendered":"vision"},"content":{"rendered":"\n<h1 class=\"has-text-align-center wp-block-heading\">Visi\u00f3n<\/h1>\n\n\n\n<p class=\"has-text-align-center has-text-color\" style=\"color:#9c9c9c\">Procurar acciones que nos consoliden como una instituci\u00f3n p\u00fablica reconocida a nivel municipal por brindar una atenci\u00f3n cercana y oportuna a las personas m\u00e1s vulnerables del municipio, as\u00ed como realizar las acciones necesarias para mejorar la calidad de vida de los habitantes del municipio de Jala.<\/p>\n","protected":false},"excerpt":{"rendered":"<p>Visi\u00f3n Procurar acciones que nos consoliden como una instituci\u00f3n p\u00fablica reconocida a nivel municipal por brindar una atenci\u00f3n cercana y oportuna a las personas m\u00e1s vulnerables del municipio, as\u00ed como realizar las acciones necesarias para mejorar la calidad de vida de los habitantes del municipio de Jala.<\/p>\n","protected":false},"author":1,"featured_media":0,"parent":0,"menu_order":0,"comment_status":"closed","ping_status":"closed","template":"","meta":{"footnotes":""},"class_list":["post-114","page","type-page","status-publish","hentry"],"_links":{"self":[{"href":"https:\/\/jalapueblomagico.gob.mx\/dif\/wp-json\/wp\/v2\/pages\/114","targetHints":{"allow":["GET"]}}],"collection":[{"href":"https:\/\/jalapueblomagico.gob.mx\/dif\/wp-json\/wp\/v2\/pages"}],"about":[{"href":"https:\/\/jalapueblomagico.gob.mx\/dif\/wp-json\/wp\/v2\/types\/page"}],"author":[{"embeddable":true,"href":"https:\/\/jalapueblomagico.gob.mx\/dif\/wp-json\/wp\/v2\/users\/1"}],"replies":[{"embeddable":true,"href":"https:\/\/jalapueblomagico.gob.mx\/dif\/wp-json\/wp\/v2\/comments?post=114"}],"version-history":[{"count":0,"href":"https:\/\/jalapueblomagico.gob.mx\/dif\/wp-json\/wp\/v2\/pages\/114\/revisions"}],"wp:attachment":[{"href":"https:\/\/jalapueblomagico.gob.mx\/dif\/wp-json\/wp\/v2\/media?parent=114"}],"curies":[{"name":"wp","href":"https:\/\/api.w.org\/{rel}","templated":true}]}}