{"id":709,"date":"2021-12-11T20:18:40","date_gmt":"2021-12-11T20:18:40","guid":{"rendered":"https:\/\/jalapueblomagico.gob.mx\/transparencia\/?page_id=709"},"modified":"2024-11-04T17:26:24","modified_gmt":"2024-11-04T17:26:24","slug":"informacion-a-que-se-refiere-la-norma-para-establecer-la-estructura-de-informacion-de-la-relacion-de-las-cuentas-bancarias-productivas-especificas-para-presentar-en-la-cuenta-publica-en-las-cuales-se","status":"publish","type":"page","link":"https:\/\/jalapueblomagico.gob.mx\/transparencia\/contabilidad-gubernamental\/informacion-a-que-se-refiere-la-norma-para-establecer-la-estructura-de-informacion-de-la-relacion-de-las-cuentas-bancarias-productivas-especificas-para-presentar-en-la-cuenta-publica-en-las-cuales-se\/","title":{"rendered":"Informaci\u00f3n a que se refiere la norma para establecer la estructura de informaci\u00f3n de la relaci\u00f3n de las cuentas bancarias productivas especificas para presentar en la cuenta p\u00fablica en las cuales se depositen los recursos federales transferidos"},"content":{"rendered":"\t\t<div data-elementor-type=\"wp-page\" data-elementor-id=\"709\" class=\"elementor elementor-709\" data-elementor-post-type=\"page\">\n\t\t\t\t\t\t<section class=\"elementor-section elementor-top-section elementor-element elementor-element-c0297bd elementor-section-full_width elementor-section-height-default elementor-section-height-default\" data-id=\"c0297bd\" data-element_type=\"section\">\n\t\t\t\t\t\t<div class=\"elementor-container elementor-column-gap-default\">\n\t\t\t\t\t<div class=\"elementor-column elementor-col-100 elementor-top-column elementor-element elementor-element-a007e7d\" data-id=\"a007e7d\" data-element_type=\"column\">\n\t\t\t<div class=\"elementor-widget-wrap elementor-element-populated\">\n\t\t\t\t\t\t<div class=\"elementor-element elementor-element-a1b2db8 elementor-widget elementor-widget-image\" data-id=\"a1b2db8\" data-element_type=\"widget\" data-widget_type=\"image.default\">\n\t\t\t\t<div class=\"elementor-widget-container\">\n\t\t\t\t\t\t\t\t\t\t\t\t\t\t\t<img decoding=\"async\" src=\"https:\/\/jalapueblomagico.gob.mx\/transparencia\/wp-content\/uploads\/2021\/11\/IMAGEN-JALA-FINAL-01.png\" title=\"\" alt=\"\" loading=\"lazy\" \/>\t\t\t\t\t\t\t\t\t\t\t\t\t\t\t<\/div>\n\t\t\t\t<\/div>\n\t\t\t\t\t<\/div>\n\t\t<\/div>\n\t\t\t\t\t<\/div>\n\t\t<\/section>\n\t\t\t\t<section class=\"elementor-section elementor-top-section elementor-element elementor-element-acd4419 elementor-section-boxed elementor-section-height-default elementor-section-height-default\" data-id=\"acd4419\" data-element_type=\"section\" data-settings=\"{&quot;background_background&quot;:&quot;classic&quot;}\">\n\t\t\t\t\t\t<div class=\"elementor-container elementor-column-gap-default\">\n\t\t\t\t\t<div class=\"elementor-column elementor-col-100 elementor-top-column elementor-element elementor-element-0388d19\" data-id=\"0388d19\" data-element_type=\"column\">\n\t\t\t<div class=\"elementor-widget-wrap elementor-element-populated\">\n\t\t\t\t\t\t<div class=\"elementor-element elementor-element-6ca6680 elementor-widget elementor-widget-heading\" data-id=\"6ca6680\" data-element_type=\"widget\" data-widget_type=\"heading.default\">\n\t\t\t\t<div class=\"elementor-widget-container\">\n\t\t\t\t\t<div class=\"elementor-heading-title elementor-size-default\">H. XL Ayuntamiento de Jala | Contabilidad Gubernamental<\/div>\t\t\t\t<\/div>\n\t\t\t\t<\/div>\n\t\t\t\t\t<\/div>\n\t\t<\/div>\n\t\t\t\t\t<\/div>\n\t\t<\/section>\n\t\t\t\t<section class=\"elementor-section elementor-top-section elementor-element elementor-element-b3fa4e2 elementor-section-boxed elementor-section-height-default elementor-section-height-default\" data-id=\"b3fa4e2\" data-element_type=\"section\">\n\t\t\t\t\t\t<div class=\"elementor-container elementor-column-gap-default\">\n\t\t\t\t\t<div class=\"elementor-column elementor-col-50 elementor-top-column elementor-element elementor-element-d401e10\" data-id=\"d401e10\" data-element_type=\"column\">\n\t\t\t<div class=\"elementor-widget-wrap\">\n\t\t\t\t\t\t\t<\/div>\n\t\t<\/div>\n\t\t\t\t<div class=\"elementor-column elementor-col-50 elementor-top-column elementor-element elementor-element-a74bbf3\" data-id=\"a74bbf3\" data-element_type=\"column\">\n\t\t\t<div class=\"elementor-widget-wrap\">\n\t\t\t\t\t\t\t<\/div>\n\t\t<\/div>\n\t\t\t\t\t<\/div>\n\t\t<\/section>\n\t\t\t\t<section class=\"elementor-section elementor-top-section elementor-element elementor-element-8d3319f elementor-section-boxed elementor-section-height-default elementor-section-height-default\" data-id=\"8d3319f\" data-element_type=\"section\" data-settings=\"{&quot;background_background&quot;:&quot;classic&quot;}\">\n\t\t\t\t\t\t<div class=\"elementor-container elementor-column-gap-default\">\n\t\t\t\t\t<div class=\"elementor-column elementor-col-100 elementor-top-column elementor-element elementor-element-cacf6b7\" data-id=\"cacf6b7\" data-element_type=\"column\">\n\t\t\t<div class=\"elementor-widget-wrap\">\n\t\t\t\t\t\t\t<\/div>\n\t\t<\/div>\n\t\t\t\t\t<\/div>\n\t\t<\/section>\n\t\t\t\t<\/div>\n\t\t","protected":false},"excerpt":{"rendered":"<p>H. XL Ayuntamiento de Jala | Contabilidad Gubernamental D.- Reforma a la LGCS (12\/nov\/2012) Formatos e Informaci\u00f3n Publicada (D.O.F. 3 y 4 de abril) Obligaciones hasta 2014&nbsp;08.- Informaci\u00f3n a que se refiere la norma para establecer la estructura de informaci\u00f3n de la relaci\u00f3n de las cuentas bancarias productivas especificas para presentar en la cuenta p\u00fablica [&hellip;]<\/p>\n","protected":false},"author":1,"featured_media":0,"parent":184,"menu_order":4,"comment_status":"closed","ping_status":"closed","template":"","meta":{"footnotes":""},"class_list":["post-709","page","type-page","status-publish","hentry"],"_links":{"self":[{"href":"https:\/\/jalapueblomagico.gob.mx\/transparencia\/wp-json\/wp\/v2\/pages\/709","targetHints":{"allow":["GET"]}}],"collection":[{"href":"https:\/\/jalapueblomagico.gob.mx\/transparencia\/wp-json\/wp\/v2\/pages"}],"about":[{"href":"https:\/\/jalapueblomagico.gob.mx\/transparencia\/wp-json\/wp\/v2\/types\/page"}],"author":[{"embeddable":true,"href":"https:\/\/jalapueblomagico.gob.mx\/transparencia\/wp-json\/wp\/v2\/users\/1"}],"replies":[{"embeddable":true,"href":"https:\/\/jalapueblomagico.gob.mx\/transparencia\/wp-json\/wp\/v2\/comments?post=709"}],"version-history":[{"count":0,"href":"https:\/\/jalapueblomagico.gob.mx\/transparencia\/wp-json\/wp\/v2\/pages\/709\/revisions"}],"up":[{"embeddable":true,"href":"https:\/\/jalapueblomagico.gob.mx\/transparencia\/wp-json\/wp\/v2\/pages\/184"}],"wp:attachment":[{"href":"https:\/\/jalapueblomagico.gob.mx\/transparencia\/wp-json\/wp\/v2\/media?parent=709"}],"curies":[{"name":"wp","href":"https:\/\/api.w.org\/{rel}","templated":true}]}}