{"id":7413,"date":"2025-10-03T17:54:38","date_gmt":"2025-10-03T17:54:38","guid":{"rendered":"https:\/\/jalapueblomagico.gob.mx\/transparencia\/?page_id=7413"},"modified":"2025-10-03T18:04:10","modified_gmt":"2025-10-03T18:04:10","slug":"informacion-financiera-2021","status":"publish","type":"page","link":"https:\/\/jalapueblomagico.gob.mx\/transparencia\/informacion-financiera-2021\/","title":{"rendered":"INFORMACI\u00d3N FINANCIERA 2021"},"content":{"rendered":"\t\t<div data-elementor-type=\"wp-page\" data-elementor-id=\"7413\" class=\"elementor elementor-7413\" data-elementor-post-type=\"page\">\n\t\t\t\t\t\t<section class=\"elementor-section elementor-top-section elementor-element elementor-element-afb4502 elementor-section-boxed elementor-section-height-default elementor-section-height-default\" data-id=\"afb4502\" data-element_type=\"section\">\n\t\t\t\t\t\t<div class=\"elementor-container elementor-column-gap-default\">\n\t\t\t\t\t<div class=\"elementor-column elementor-col-50 elementor-top-column elementor-element elementor-element-32cf4e2\" data-id=\"32cf4e2\" data-element_type=\"column\">\n\t\t\t<div class=\"elementor-widget-wrap elementor-element-populated\">\n\t\t\t\t\t\t<div class=\"elementor-element elementor-element-2d72043 elementor-align-center elementor-invisible elementor-widget elementor-widget-bdt-modal\" data-id=\"2d72043\" data-element_type=\"widget\" data-settings=\"{&quot;_animation&quot;:&quot;fadeInUp&quot;}\" data-widget_type=\"bdt-modal.default\">\n\t\t\t\t<div class=\"elementor-widget-container\">\n\t\t\t\t\t\t\t<div class=\"bdt-modal-wrapper\">\n\n\t\t\t\t\t<a class=\"bdt-modal-button elementor-button elementor-size-sm\" data-bdt-toggle=\"target: #bdt-modal-2d72043\" href=\"javascript:void(0)\">\n\t\t\t<!-- <span > -->\n\t\t\t\t\t\t<span class=\"elementor-button-text\">CUENTA P\u00daBLICA<\/span>\n\t\t\t<!-- <\/span> -->\n\t\t<\/a>\n\n\t\t\t<div id=\"bdt-modal-2d72043\" class=\"bdt-modal-2d72043 bdt-modal\" data-bdt-modal=\"\" data-settings=\"{&quot;id&quot;:&quot;bdt-modal-2d72043&quot;,&quot;widgetId&quot;:&quot;bdt-modal-2d72043&quot;,&quot;layout&quot;:&quot;default&quot;,&quot;splashDelay&quot;:false,&quot;splashInactivity&quot;:false,&quot;displayTimes&quot;:false,&quot;displayTimesExpire&quot;:12,&quot;scrollDirection&quot;:false,&quot;scrollOffset&quot;:false,&quot;scrollSelector&quot;:false,&quot;modal_id&quot;:&quot;#bdt-modal-2d72043&quot;,&quot;custom_section&quot;:false,&quot;closeBtnDelayShow&quot;:false,&quot;delayTime&quot;:false,&quot;pageID&quot;:7413}\">\n\t\t\t\t<div class=\"bdt-modal-dialog\">\n\n\t\t\t\t\t\t\t\t\t\t\t<button class=\"bdt-modal-close-default elementor-animation-\" id=\"bdt-modal-close-button\" type=\"button\" data-bdt-close><\/button>\n\t\t\t\t\t\n\t\t\t\t\t\t\t\t\t\t\t<div class=\"bdt-modal-header bdt-text-left\">\n\t\t\t\t\t\t\t<h3 class=\"bdt-modal-title\">CUENTA P\u00daBLICA 2021<\/h3>\n\t\t\t\t\t\t<\/div>\n\t\t\t\t\t\n\t\t\t\t\t<div class=\"bdt-modal-body bdt-text-\">\n\t\t\t\t\t\t\t\t\t\t\t<\/div>\n\n\t\t\t\t\t\t\t\t\t<\/div>\n\t\t\t<\/div>\n\t\t<\/div>\n\n\t\t\t\t\t<\/div>\n\t\t\t\t<\/div>\n\t\t\t\t\t<\/div>\n\t\t<\/div>\n\t\t\t\t<div class=\"elementor-column elementor-col-50 elementor-top-column elementor-element elementor-element-88578c9\" data-id=\"88578c9\" data-element_type=\"column\">\n\t\t\t<div class=\"elementor-widget-wrap elementor-element-populated\">\n\t\t\t\t\t\t<div class=\"elementor-element elementor-element-5280c1e elementor-invisible elementor-widget elementor-widget-button\" data-id=\"5280c1e\" data-element_type=\"widget\" data-settings=\"{&quot;_animation&quot;:&quot;fadeInUp&quot;}\" data-widget_type=\"button.default\">\n\t\t\t\t<div class=\"elementor-widget-container\">\n\t\t\t\t\t\t\t\t\t<div class=\"elementor-button-wrapper\">\n\t\t\t\t\t<a class=\"elementor-button elementor-button-link elementor-size-sm\" href=\"https:\/\/jalapueblomagico.gob.mx\/transparencia\/avances-de-gestion-financiera-2021\/\">\n\t\t\t\t\t\t<span class=\"elementor-button-content-wrapper\">\n\t\t\t\t\t\t\t\t\t<span class=\"elementor-button-text\">AVANCE DE GESTI\u00d3N FINANCIERA<\/span>\n\t\t\t\t\t<\/span>\n\t\t\t\t\t<\/a>\n\t\t\t\t<\/div>\n\t\t\t\t\t\t\t\t<\/div>\n\t\t\t\t<\/div>\n\t\t\t\t\t<\/div>\n\t\t<\/div>\n\t\t\t\t\t<\/div>\n\t\t<\/section>\n\t\t\t\t<section class=\"elementor-section elementor-top-section elementor-element elementor-element-cfcd089 elementor-section-boxed elementor-section-height-default elementor-section-height-default\" data-id=\"cfcd089\" data-element_type=\"section\">\n\t\t\t\t\t\t<div class=\"elementor-container elementor-column-gap-default\">\n\t\t\t\t\t<div class=\"elementor-column elementor-col-100 elementor-top-column elementor-element elementor-element-be4d62f\" data-id=\"be4d62f\" data-element_type=\"column\">\n\t\t\t<div class=\"elementor-widget-wrap elementor-element-populated\">\n\t\t\t\t\t\t<div class=\"elementor-element elementor-element-0c620de elementor-widget elementor-widget-image\" data-id=\"0c620de\" data-element_type=\"widget\" data-widget_type=\"image.default\">\n\t\t\t\t<div class=\"elementor-widget-container\">\n\t\t\t\t\t\t\t\t\t\t\t\t\t\t\t<img decoding=\"async\" width=\"150\" height=\"150\" src=\"https:\/\/jalapueblomagico.gob.mx\/transparencia\/wp-content\/uploads\/2021\/11\/LOGO_HASTAG01-150x150.png\" class=\"attachment-thumbnail size-thumbnail wp-image-5472\" alt=\"\" \/>\t\t\t\t\t\t\t\t\t\t\t\t\t\t\t<\/div>\n\t\t\t\t<\/div>\n\t\t\t\t\t<\/div>\n\t\t<\/div>\n\t\t\t\t\t<\/div>\n\t\t<\/section>\n\t\t\t\t<\/div>\n\t\t","protected":false},"excerpt":{"rendered":"<p>CUENTA P\u00daBLICA CUENTA P\u00daBLICA 2021 AVANCE DE GESTI\u00d3N FINANCIERA<\/p>\n","protected":false},"author":1,"featured_media":0,"parent":0,"menu_order":0,"comment_status":"closed","ping_status":"closed","template":"","meta":{"footnotes":""},"class_list":["post-7413","page","type-page","status-publish","hentry"],"_links":{"self":[{"href":"https:\/\/jalapueblomagico.gob.mx\/transparencia\/wp-json\/wp\/v2\/pages\/7413","targetHints":{"allow":["GET"]}}],"collection":[{"href":"https:\/\/jalapueblomagico.gob.mx\/transparencia\/wp-json\/wp\/v2\/pages"}],"about":[{"href":"https:\/\/jalapueblomagico.gob.mx\/transparencia\/wp-json\/wp\/v2\/types\/page"}],"author":[{"embeddable":true,"href":"https:\/\/jalapueblomagico.gob.mx\/transparencia\/wp-json\/wp\/v2\/users\/1"}],"replies":[{"embeddable":true,"href":"https:\/\/jalapueblomagico.gob.mx\/transparencia\/wp-json\/wp\/v2\/comments?post=7413"}],"version-history":[{"count":10,"href":"https:\/\/jalapueblomagico.gob.mx\/transparencia\/wp-json\/wp\/v2\/pages\/7413\/revisions"}],"predecessor-version":[{"id":7428,"href":"https:\/\/jalapueblomagico.gob.mx\/transparencia\/wp-json\/wp\/v2\/pages\/7413\/revisions\/7428"}],"wp:attachment":[{"href":"https:\/\/jalapueblomagico.gob.mx\/transparencia\/wp-json\/wp\/v2\/media?parent=7413"}],"curies":[{"name":"wp","href":"https:\/\/api.w.org\/{rel}","templated":true}]}}